{"id":53,"date":"2014-01-17T14:28:14","date_gmt":"2014-01-17T14:28:14","guid":{"rendered":"https:\/\/caf.org.uy\/caf\/?page_id=53"},"modified":"2025-09-15T20:16:23","modified_gmt":"2025-09-15T20:16:23","slug":"delegaturas","status":"publish","type":"page","link":"https:\/\/caf.org.uy\/caf\/institucional\/delegaturas\/","title":{"rendered":"Delegaturas"},"content":{"rendered":"\t\t<div data-elementor-type=\"wp-page\" data-elementor-id=\"53\" class=\"elementor elementor-53\">\n\t\t\t\t\t\t<section class=\"elementor-section elementor-top-section elementor-element elementor-element-504d50aa elementor-section-content-space-between elementor-section-stretched elementor-section-boxed elementor-section-height-default elementor-section-height-default elementor-invisible\" data-id=\"504d50aa\" data-element_type=\"section\" data-e-type=\"section\" data-settings=\"{&quot;animation&quot;:&quot;fadeInDown&quot;,&quot;stretch_section&quot;:&quot;section-stretched&quot;}\">\n\t\t\t\t\t\t<div class=\"elementor-container elementor-column-gap-default\">\n\t\t\t\t\t<div class=\"elementor-column elementor-col-100 elementor-top-column elementor-element elementor-element-70fa6b3e\" data-id=\"70fa6b3e\" data-element_type=\"column\" data-e-type=\"column\">\n\t\t\t<div class=\"elementor-widget-wrap elementor-element-populated\">\n\t\t\t\t\t\t<div class=\"elementor-element elementor-element-046720e elementor-widget elementor-widget-text-editor\" data-id=\"046720e\" data-element_type=\"widget\" data-e-type=\"widget\" data-widget_type=\"text-editor.default\">\n\t\t\t\t<div class=\"elementor-widget-container\">\n\t\t\t\t\t\t\t\t\t<p style=\"font-size: 18px; text-align: center;\"><strong>Desde los inicios CAF se constituy\u00f3 en un\u00a0nuevo interlocutor del sector agropecuario del pa\u00eds, marcando un\u00a0nuevo estilo gremial\u00a0y contribuyendo con un\u00a0aporte diferencial\u00a0a trav\u00e9s de sus\u00a0delegados\u00a0en la institucionalidad cooperativa\/ agropecuaria.<\/strong><\/p>\t\t\t\t\t\t\t\t<\/div>\n\t\t\t\t<\/div>\n\t\t\t\t<div class=\"elementor-element elementor-element-b9980ac elementor-widget elementor-widget-text-editor\" data-id=\"b9980ac\" data-element_type=\"widget\" data-e-type=\"widget\" data-widget_type=\"text-editor.default\">\n\t\t\t\t<div class=\"elementor-widget-container\">\n\t\t\t\t\t\t\t\t\t<p><style type=\"text\/css\"><span data-mce-type=\"bookmark\" style=\"display: inline-block; width: 0px; overflow: hidden; line-height: 0;\" class=\"mce_SELRES_start\">\ufeff<\/span><br \/>\n.verde {<br \/>\tcolor: #7BA840;<br \/>}<br \/>.verde {<br \/>\tcolor: #7BA840;<br \/>}<br \/>.sdf {<br \/>\tcolor: #666666;<br \/>}<br \/>.gris {<br \/>\tcolor: #666666;<br \/>}<br \/><\/style><\/p><table border=\"0\" width=\"97%\" cellspacing=\"0\" align=\"center\"><colgroup width=\"568\"><\/colgroup> <colgroup width=\"1144\"><\/colgroup><tbody><tr><td class=\"verde\" style=\"padding-left: 40px;\" valign=\"top\" width=\"458\" height=\"17\"><b>Instituto Nacional de Carnes (INAC)<\/b><\/td><td style=\"padding-left: 40px;\" align=\"LEFT\" width=\"458\">Luis Bianco<\/td><\/tr><tr><td class=\"verde\" style=\"padding-left: 40px;\" valign=\"top\" height=\"17\"><b>Instituto Nacional de Investigaci\u00f3n Agropecuaria (INIA)<\/b><\/td><td style=\"padding-left: 40px;\" align=\"LEFT\">Alejandro Henry (titular) y Diego Bonino (alterno)<\/td><\/tr><tr><td class=\"verde\" style=\"padding-left: 40px;\" valign=\"top\" height=\"17\"><b>Instituto Plan Agropecuario (IPA)<\/b><\/td><td style=\"padding-left: 40px;\" align=\"LEFT\">Santiago Scremini<\/td><\/tr><tr><td class=\"verde\" style=\"padding-left: 40px;\" valign=\"top\" height=\"17\"><b>Junta Nacional de la Granja (JUNAGRA)<\/b><\/td><td style=\"padding-left: 40px;\" align=\"LEFT\">Andr\u00e9s Moizo (titular) y Javier Mart\u00ednez (alterno)<\/td><\/tr><tr><td class=\"verde\" style=\"padding-left: 40px;\" valign=\"top\" height=\"17\"><b>Comisi\u00f3n Usuarios de INASE<\/b><\/td><td style=\"padding-left: 40px;\" align=\"LEFT\">Mart\u00edn Arretche<\/td><\/tr><tr><td class=\"verde\" style=\"padding-left: 40px;\" valign=\"top\" height=\"17\"><b>Confederaci\u00f3n de C\u00e1maras Empresariales (CCE)<\/b><\/td><td style=\"padding-left: 40px;\" align=\"LEFT\">Pablo Perdomo (titular) y Luis Frachia (alterno)<\/td><\/tr><tr><td class=\"verde\" style=\"padding-left: 40px;\" valign=\"top\" height=\"17\"><b>Confederaci\u00f3n Uruguaya de Entidades Cooperativas (CUDECOOP)<\/b><\/td><td style=\"padding-left: 40px;\" align=\"LEFT\">Juan Carlos Canessa (titular) y Richard Long (alterno)<\/td><\/tr><tr><td class=\"verde\" style=\"padding-left: 40px;\" valign=\"top\" height=\"17\"><b>Comisi\u00f3n Nacional Honoraria de Salud Animal (CONAHSA)<\/b><\/td><td style=\"padding-left: 40px;\" align=\"LEFT\">Roque Almeida (titular) y Juan Antonio Rodr\u00edguez (alterno)<\/td><\/tr><tr><td class=\"verde\" style=\"padding-left: 40px;\" valign=\"top\" height=\"17\"><b>Comisi\u00f3n Administradora de los Fondos de Seguros de Enfermedades Prevalentes (MGAP)<\/b><\/td><td style=\"padding-left: 40px;\" align=\"LEFT\">Pablo Waksman<\/td><\/tr><tr><td class=\"verde\" style=\"padding-left: 40px;\" valign=\"top\" height=\"17\"><b>Comisi\u00f3n Asesora Honoraria para la Seguridad Rural<\/b><\/td><td style=\"padding-left: 40px;\" align=\"LEFT\">Pablo Waksman (titular) y Juan Antonio Rodr\u00edguez (alterno)<\/td><\/tr><tr><td class=\"verde\" style=\"padding-left: 40px;\" valign=\"top\" height=\"17\"><b>Grupo Consultivo Trazabilidad<\/b><\/td><td style=\"padding-left: 40px;\" align=\"LEFT\">Andr\u00e9s Benia<\/td><\/tr><tr><td class=\"verde\" style=\"padding-left: 40px;\" valign=\"top\" height=\"17\"><b>Mesa de Ganader\u00eda Campo Natural Ampliada (MGAP)<\/b><\/td><td style=\"padding-left: 40px;\" align=\"LEFT\">Sof\u00eda Fossati (titular) y Gabriel Rodr\u00edguez (alterno)<\/td><\/tr><tr><td class=\"verde\" style=\"padding-left: 40px;\" valign=\"top\" height=\"17\"><b>Mesa Nacional de Trigo<\/b><\/td><td style=\"padding-left: 40px;\" align=\"LEFT\">Fernando Bide (titular) y Gustavo Flores (alterno)<\/td><\/tr><tr><td class=\"verde\" style=\"padding-left: 40px; color: #7ba840;\" valign=\"top\" height=\"17\"><span style=\"color: #808080;\"><b>Red de Cooperativas Agrarias de las Am\u00e9ricas (REDACOOP)<\/b><\/span><\/td><td style=\"padding-left: 40px;\" align=\"LEFT\">Pablo Perdomo<\/td><\/tr><tr><td class=\"verde\" style=\"padding-left: 40px;\" valign=\"top\" height=\"17\"><b>Comisi\u00f3n Honoraria de Juventud Rural<\/b><\/td><td style=\"padding-left: 40px;\" align=\"LEFT\">Mat\u00edas Allegretti (titular) y Micaela Waller (alterna)<\/td><\/tr><tr><td class=\"verde\" style=\"padding-left: 40px;\" valign=\"top\" height=\"17\"><b>Comisi\u00f3n T\u00e9cnica Asesora de la Protecci\u00f3n del Medio Ambiente<\/b><\/td><td style=\"padding-left: 40px; text-align: left;\" align=\"LEFT\"><h4><span style=\"color: #000000;\">\u00a0<\/span><\/h4><\/td><\/tr><tr><td class=\"verde\" style=\"padding-left: 40px;\" valign=\"top\" height=\"17\"><b>Comisi\u00f3n Nacional Asesora de \u00c1reas Protegidas<\/b><\/td><td style=\"padding-left: 40px;\" align=\"LEFT\">Luis Frachia<\/td><\/tr><tr><td class=\"verde\" style=\"padding-left: 40px;\" valign=\"top\" height=\"17\"><strong>Comit\u00e9 de Direcci\u00f3n del SICOOP<\/strong><\/td><td style=\"padding-left: 40px;\" align=\"LEFT\">Aparicio Hirschy (titular) y Luis Frachia (alterno)<\/td><\/tr><tr><td class=\"verde\" style=\"padding-left: 40px;\" valign=\"top\" height=\"8\"><b>Comisi\u00f3n de Seguimiento del Plan Nacional de G\u00e9nero en las Pol\u00edticas Agropecuarias<\/b><\/td><td style=\"padding-left: 40px;\" align=\"LEFT\">Ivanna Castellanos<\/td><\/tr><tr><td class=\"verde\" style=\"padding-left: 40px;\" valign=\"top\" height=\"4\"><strong>Mesa Tecnol\u00f3gica de Oleaginosos<\/strong><\/td><td style=\"padding-left: 40px;\" align=\"LEFT\">Roberto Verdera \u2013 Gustavo Flores<\/td><\/tr><\/tbody><\/table>\t\t\t\t\t\t\t\t<\/div>\n\t\t\t\t<\/div>\n\t\t\t\t<div class=\"elementor-element elementor-element-514c285 elementor-widget elementor-widget-text-editor\" data-id=\"514c285\" data-element_type=\"widget\" data-e-type=\"widget\" data-widget_type=\"text-editor.default\">\n\t\t\t\t<div class=\"elementor-widget-container\">\n\t\t\t\t\t\t\t\t\t<div data-id=\"0452814\" data-element_type=\"widget\" data-widget_type=\"text-editor.default\"><div><div><h3 style=\"text-align: center;\" align=\"center\"><span style=\"color: #333333;\"><strong>Tambi\u00e9n participamos de las siguientes instituciones y programas<\/strong><\/span><\/h3><\/div><\/div><\/div><div data-id=\"514c285\" data-element_type=\"widget\" data-widget_type=\"text-editor.default\"><div><div><table border=\"0\" width=\"100%\" cellspacing=\"0\"><colgroup width=\"568\"> <\/colgroup> <colgroup width=\"1144\"> <\/colgroup><tbody><tr><td valign=\"top\" width=\"246\" height=\"17\"><strong>Instituto Nacional de Cooperativismo (INACOOP)<\/strong><\/td><td align=\"LEFT\" width=\"774\">A trav\u00e9s de los delegados institucionales de CUDECOOP: Washington Collazo y Julio Valdez<\/td><\/tr><tr><td valign=\"top\" height=\"17\"><strong>Instituto Nacional de Bienestar Animal<\/strong><\/td><td align=\"LEFT\">Juan Antonio Rodr\u00edguez (CAF) es el delegado de las gremiales agropecuarias en este \u00e1mbito.<\/td><\/tr><tr><td valign=\"top\" height=\"17\"><strong>Instituto Nacional de Empleo y Formaci\u00f3n Profesional (INEFOP)<\/strong><\/td><td align=\"LEFT\">En representaci\u00f3n del sector rural y en car\u00e1cter de alterno de los delegados del sector empleador, las gremiales agropecuarias participamos en este \u00e1mbito a trav\u00e9s del Ing. Agr. Diego Payss\u00e9. A su vez, a trav\u00e9s de CUDECOOP, participamos del Consejo Directivo de este instituto, con voz pero sin voto.<\/td><\/tr><tr><td valign=\"top\" height=\"8\"><strong>Instituto Nacional de Colonizaci\u00f3n (INC)<\/strong><\/td><td align=\"LEFT\">Participamos a trav\u00e9s del Ing. Rodrigo Herrero, en representaci\u00f3n de Agremiaciones Rurales<\/td><\/tr><tr><td valign=\"top\" height=\"9\"><strong>Comit\u00e9 Especializado de Circularidad de Pl\u00e1sticos<\/strong><\/td><td align=\"LEFT\">Fernanda Horvath<\/td><\/tr><tr><td valign=\"top\" height=\"8\"><strong>Comit\u00e9 UNIT de Terminolog\u00eda en la Cadena de la Carne Bovina y Subproductos c\u00e1rnicos<\/strong><\/td><td align=\"LEFT\">Pablo Waksman<\/td><\/tr><\/tbody><\/table><\/div><\/div><\/div>\t\t\t\t\t\t\t\t<\/div>\n\t\t\t\t<\/div>\n\t\t\t\t\t<\/div>\n\t\t<\/div>\n\t\t\t\t\t<\/div>\n\t\t<\/section>\n\t\t\t\t<\/div>\n\t\t","protected":false},"excerpt":{"rendered":"<p>Desde los inicios CAF se constituy\u00f3 en un\u00a0nuevo interlocutor del sector agropecuario del pa\u00eds, marcando un\u00a0nuevo estilo gremial\u00a0y contribuyendo con un\u00a0aporte diferencial\u00a0a trav\u00e9s de sus\u00a0delegados\u00a0en la institucionalidad cooperativa\/ agropecuaria. Instituto &hellip; <a class=\"readmore\" href=\"https:\/\/caf.org.uy\/caf\/institucional\/delegaturas\/\">Seguir leyendo &rarr;<\/a><\/p>\n","protected":false},"author":1,"featured_media":0,"parent":41,"menu_order":5,"comment_status":"closed","ping_status":"closed","template":"","meta":{"csbAdvScrollBarCursor":"","footnotes":""},"class_list":["post-53","page","type-page","status-publish","hentry"],"_links":{"self":[{"href":"https:\/\/caf.org.uy\/caf\/wp-json\/wp\/v2\/pages\/53","targetHints":{"allow":["GET"]}}],"collection":[{"href":"https:\/\/caf.org.uy\/caf\/wp-json\/wp\/v2\/pages"}],"about":[{"href":"https:\/\/caf.org.uy\/caf\/wp-json\/wp\/v2\/types\/page"}],"author":[{"embeddable":true,"href":"https:\/\/caf.org.uy\/caf\/wp-json\/wp\/v2\/users\/1"}],"replies":[{"embeddable":true,"href":"https:\/\/caf.org.uy\/caf\/wp-json\/wp\/v2\/comments?post=53"}],"version-history":[{"count":297,"href":"https:\/\/caf.org.uy\/caf\/wp-json\/wp\/v2\/pages\/53\/revisions"}],"predecessor-version":[{"id":16498,"href":"https:\/\/caf.org.uy\/caf\/wp-json\/wp\/v2\/pages\/53\/revisions\/16498"}],"up":[{"embeddable":true,"href":"https:\/\/caf.org.uy\/caf\/wp-json\/wp\/v2\/pages\/41"}],"wp:attachment":[{"href":"https:\/\/caf.org.uy\/caf\/wp-json\/wp\/v2\/media?parent=53"}],"curies":[{"name":"wp","href":"https:\/\/api.w.org\/{rel}","templated":true}]}}